{"id":133674,"date":"2024-05-02T16:42:31","date_gmt":"2024-05-02T20:42:31","guid":{"rendered":"https:\/\/new.geniusxr.ai\/generative-ai\/"},"modified":"2024-05-22T05:02:52","modified_gmt":"2024-05-22T09:02:52","slug":"generative-ai","status":"publish","type":"page","link":"https:\/\/new.geniusxr.ai\/fr\/generative-ai\/","title":{"rendered":"IA G\u00c9N\u00c9RATIVE"},"content":{"rendered":"<div class=\"wpb-content-wrapper\"><p>[vc_row row_height_percent=\u00a0\u00bb70&Prime; back_color=\u00a0\u00bbcolor-wayh\u00a0\u00bb back_image=\u00a0\u00bb130704&Prime; overlay_color=\u00a0\u00bbaccent\u00a0\u00bb overlay_alpha=\u00a0\u00bb80&Prime; gutter_size=\u00a0\u00bb3&Prime; column_width_percent=\u00a0\u00bb100&Prime; shift_y=\u00a0\u00bb0&Prime; z_index=\u00a0\u00bb0&Prime; uncode_shortcode_id=\u00a0\u00bb728174&Prime; back_color_type=\u00a0\u00bbuncode-palette\u00a0\u00bb overlay_color_type=\u00a0\u00bbuncode-palette\u00a0\u00bb][vc_column column_width_percent=\u00a0\u00bb100&Prime; position_vertical=\u00a0\u00bbmiddle\u00a0\u00bb align_horizontal=\u00a0\u00bbalign_center\u00a0\u00bb gutter_size=\u00a0\u00bb3&Prime; style=\u00a0\u00bbdark\u00a0\u00bb overlay_alpha=\u00a0\u00bb50&Prime; shift_x=\u00a0\u00bb0&Prime; shift_y=\u00a0\u00bb0&Prime; shift_y_down=\u00a0\u00bb0&Prime; z_index=\u00a0\u00bb0&Prime; medium_width=\u00a0\u00bb0&Prime; mobile_width=\u00a0\u00bb0&Prime; width=\u00a0\u00bb1\/1&Prime; uncode_shortcode_id=\u00a0\u00bb190860&Prime;][vc_custom_heading heading_semantic=\u00a0\u00bbh1&Prime; text_size=\u00a0\u00bbh1&Prime; text_weight=\u00a0\u00bb900&Prime; css_animation=\u00a0\u00bbbottom-t-top\u00a0\u00bb animation_speed=\u00a0\u00bb800&Prime; uncode_shortcode_id=\u00a0\u00bb144334&Prime;]IA G\u00c9N\u00c9RATIVE[\/vc_custom_heading][vc_custom_heading text_size=\u00a0\u00bb\u00a0\u00bb text_weight=\u00a0\u00bb400&Prime; css_animation=\u00a0\u00bbbottom-t-top\u00a0\u00bb animation_speed=\u00a0\u00bb1000&Prime; uncode_shortcode_id=\u00a0\u00bb527168&Prime;]Intelligence Artificielle cr\u00e9ation d&rsquo;Actifs 3D[\/vc_custom_heading][\/vc_column][\/vc_row][vc_row row_height_percent=\u00a0\u00bb0&Prime; override_padding=\u00a0\u00bbyes\u00a0\u00bb h_padding=\u00a0\u00bb2&Prime; top_padding=\u00a0\u00bb0&Prime; bottom_padding=\u00a0\u00bb0&Prime; overlay_alpha=\u00a0\u00bb50&Prime; gutter_size=\u00a0\u00bb3&Prime; column_width_percent=\u00a0\u00bb100&Prime; shift_y=\u00a0\u00bb0&Prime; z_index=\u00a0\u00bb0&Prime; uncode_shortcode_id=\u00a0\u00bb154782&Prime; css=\u00a0\u00bb.vc_custom_1713645717226{margin-bottom: 60px !important;}\u00a0\u00bb][vc_column column_width_percent=\u00a0\u00bb100&Prime; gutter_size=\u00a0\u00bb3&Prime; override_padding=\u00a0\u00bbyes\u00a0\u00bb column_padding=\u00a0\u00bb3&Prime; back_color=\u00a0\u00bbcolor-xsdn\u00a0\u00bb overlay_alpha=\u00a0\u00bb50&Prime; shift_x=\u00a0\u00bb0&Prime; shift_y=\u00a0\u00bb-4&Prime; shift_y_fixed=\u00a0\u00bbyes\u00a0\u00bb shift_y_down=\u00a0\u00bb0&Prime; z_index=\u00a0\u00bb0&Prime; medium_width=\u00a0\u00bb0&Prime; mobile_width=\u00a0\u00bb0&Prime; width=\u00a0\u00bb1\/1&Prime;][vc_row_inner row_inner_height_percent=\u00a0\u00bb0&Prime; overlay_alpha=\u00a0\u00bb50&Prime; equal_height=\u00a0\u00bbyes\u00a0\u00bb gutter_size=\u00a0\u00bb0&Prime; shift_y=\u00a0\u00bb0&Prime; limit_content=\u00a0\u00bb\u00a0\u00bb][vc_column_inner column_width_percent=\u00a0\u00bb100&Prime; position_vertical=\u00a0\u00bbmiddle\u00a0\u00bb align_horizontal=\u00a0\u00bbalign_center\u00a0\u00bb gutter_size=\u00a0\u00bb3&Prime; override_padding=\u00a0\u00bbyes\u00a0\u00bb column_padding=\u00a0\u00bb3&Prime; overlay_alpha=\u00a0\u00bb50&Prime; shift_x=\u00a0\u00bb0&Prime; shift_y=\u00a0\u00bb0&Prime; shift_y_down=\u00a0\u00bb0&Prime; z_index=\u00a0\u00bb0&Prime; medium_width=\u00a0\u00bb6&Prime; align_mobile=\u00a0\u00bbalign_center_mobile\u00a0\u00bb mobile_width=\u00a0\u00bb0&Prime; width=\u00a0\u00bb1\/1&Prime; uncode_shortcode_id=\u00a0\u00bb214585&Prime;][vc_column_text text_lead=\u00a0\u00bbyes\u00a0\u00bb css_animation=\u00a0\u00bbright-t-left\u00a0\u00bb animation_speed=\u00a0\u00bb800&Prime; uncode_shortcode_id=\u00a0\u00bb203570&Prime;]L&rsquo;IA g\u00e9n\u00e9rative fait r\u00e9f\u00e9rence aux technologies d&rsquo;intelligence artificielle capables de cr\u00e9er de nouveaux contenus, allant du texte aux mod\u00e8les 3D. Les exemples incluent Text to 3D, qui transforme les descriptions \u00e9crites en objets tridimensionnels, et ChatGPT, une IA qui g\u00e9n\u00e8re des r\u00e9ponses textuelles de type humain. Ces syst\u00e8mes d&rsquo;IA apprennent \u00e0 partir de grandes quantit\u00e9s de donn\u00e9es pour g\u00e9n\u00e9rer des r\u00e9sultats originaux et contextuellement pertinents, souvent impossibles \u00e0 distinguer du contenu cr\u00e9\u00e9 par l&rsquo;homme. Utilis\u00e9e dans divers domaines tels que la conception, le divertissement et le service client, l&rsquo;IA g\u00e9n\u00e9rative rationalise la cr\u00e9ation de contenu, am\u00e9liore les interactions avec les utilisateurs et ouvre de nouvelles possibilit\u00e9s en mati\u00e8re de cr\u00e9ativit\u00e9 et de communication num\u00e9riques.<\/p>\n<p><strong><u> <\/u><\/strong><\/p>\n<p>Chez GeniusXR, nous nous sp\u00e9cialisons dans la fourniture d&rsquo;une suite de services pour le Contenu et les plateformes spatiaux et immersifs, en utilisant le pouvoir de transformation de l&rsquo;IA g\u00e9n\u00e9rative. Nos offres sont con\u00e7ues pour \u00e9lever votre marque et engager votre public dans le domaine de la r\u00e9alit\u00e9 virtuelle, de la r\u00e9alit\u00e9 augment\u00e9e et des mod\u00e8les 3D g\u00e9n\u00e9r\u00e9s par l&rsquo;IA. De la cr\u00e9ation d&rsquo;environnements virtuels immersifs au d\u00e9veloppement de contenus dynamiques et de chatbots interactifs, nous proposons des solutions de pointe con\u00e7ues pour l&rsquo;avenir de l&rsquo;interaction num\u00e9rique. Explorez avec nous tout le potentiel de l&rsquo;informatique spatiale et des plateformes immersives, alors que nous red\u00e9finissons les exp\u00e9riences utilisateur avec cr\u00e9ativit\u00e9 et intelligence. GeniusXR est votre partenaire pour des solutions num\u00e9riques innovantes en technologie spatiale et immersive.[\/vc_column_text][\/vc_column_inner][\/vc_row_inner][\/vc_column][\/vc_row][vc_row row_height_percent=\u00a0\u00bb0&Prime; override_padding=\u00a0\u00bbyes\u00a0\u00bb h_padding=\u00a0\u00bb0&Prime; top_padding=\u00a0\u00bb0&Prime; bottom_padding=\u00a0\u00bb0&Prime; overlay_alpha=\u00a0\u00bb50&Prime; gutter_size=\u00a0\u00bb3&Prime; column_width_percent=\u00a0\u00bb100&Prime; shift_y=\u00a0\u00bb0&Prime; z_index=\u00a0\u00bb0&Prime; medium_visibility=\u00a0\u00bbyes\u00a0\u00bb mobile_visibility=\u00a0\u00bbyes\u00a0\u00bb][vc_column width=\u00a0\u00bb1\/1&Prime;][vc_separator sep_color=\u00a0\u00bb,Default\u00a0\u00bb][\/vc_column][\/vc_row][vc_row][vc_column width=\u00a0\u00bb1\/1&Prime;][\/vc_column][\/vc_row][vc_row row_height_percent=\u00a0\u00bb0&Prime; override_padding=\u00a0\u00bbyes\u00a0\u00bb h_padding=\u00a0\u00bb2&Prime; top_padding=\u00a0\u00bb5&Prime; bottom_padding=\u00a0\u00bb5&Prime; overlay_alpha=\u00a0\u00bb0&Prime; gutter_size=\u00a0\u00bb100&Prime; column_width_percent=\u00a0\u00bb100&Prime; shift_y=\u00a0\u00bb0&Prime; z_index=\u00a0\u00bb0&Prime; style=\u00a0\u00bbinherited\u00a0\u00bb][vc_column column_width_percent=\u00a0\u00bb100&Prime; align_horizontal=\u00a0\u00bbalign_center\u00a0\u00bb gutter_size=\u00a0\u00bb4&Prime; overlay_alpha=\u00a0\u00bb100&Prime; shift_x=\u00a0\u00bb0&Prime; shift_y=\u00a0\u00bb0&Prime; shift_y_down=\u00a0\u00bb0&Prime; z_index=\u00a0\u00bb0&Prime; medium_width=\u00a0\u00bb0&Prime; mobile_width=\u00a0\u00bb0&Prime; zoom_width=\u00a0\u00bb0&Prime; zoom_height=\u00a0\u00bb0&Prime; width=\u00a0\u00bb1\/1&Prime;][vc_row_inner row_inner_height_percent=\u00a0\u00bb0&Prime; overlay_alpha=\u00a0\u00bb100&Prime; gutter_size=\u00a0\u00bb4&Prime; shift_y=\u00a0\u00bb0&Prime; limit_content=\u00a0\u00bb\u00a0\u00bb][vc_column_inner column_width_percent=\u00a0\u00bb100&Prime; align_horizontal=\u00a0\u00bbalign_center\u00a0\u00bb gutter_size=\u00a0\u00bb3&Prime; overlay_alpha=\u00a0\u00bb100&Prime; shift_x=\u00a0\u00bb0&Prime; shift_y=\u00a0\u00bb0&Prime; shift_y_down=\u00a0\u00bb0&Prime; z_index=\u00a0\u00bb0&Prime; medium_width=\u00a0\u00bb3&Prime; mobile_width=\u00a0\u00bb0&Prime; zoom_width=\u00a0\u00bb0&Prime; zoom_height=\u00a0\u00bb0&Prime; width=\u00a0\u00bb1\/3&Prime;][vc_icon icon=\u00a0\u00bbfa fa-desktop2&Prime; icon_image=\u00a0\u00bb130724&Prime; icon_color=\u00a0\u00bbaccent\u00a0\u00bb text_size=\u00a0\u00bbh4&Prime; css_animation=\u00a0\u00bbzoom-in\u00a0\u00bb animation_speed=\u00a0\u00bb800&Prime; align=\u00a0\u00bbleft\u00a0\u00bb title=\u00a0\u00bbMontage Vid\u00e9o et Audio Automatis\u00e9:\u00a0\u00bb uncode_shortcode_id=\u00a0\u00bb542686&Prime; icon_color_type=\u00a0\u00bbuncode-palette\u00a0\u00bb]<span style=\"font-weight: 400;\">Offrant des services de montage pilot\u00e9s par l&rsquo;IA qui peuvent automatiquement couper, \u00e9pisser et am\u00e9liorer le contenu vid\u00e9o et audio, rationalisant le processus de production.<\/span>[\/vc_icon][\/vc_column_inner][vc_column_inner column_width_percent=\u00a0\u00bb100&Prime; align_horizontal=\u00a0\u00bbalign_center\u00a0\u00bb gutter_size=\u00a0\u00bb3&Prime; overlay_alpha=\u00a0\u00bb100&Prime; shift_x=\u00a0\u00bb0&Prime; shift_y=\u00a0\u00bb0&Prime; shift_y_down=\u00a0\u00bb0&Prime; z_index=\u00a0\u00bb0&Prime; medium_width=\u00a0\u00bb3&Prime; mobile_width=\u00a0\u00bb0&Prime; zoom_width=\u00a0\u00bb0&Prime; zoom_height=\u00a0\u00bb0&Prime; width=\u00a0\u00bb1\/3&Prime;][vc_icon icon=\u00a0\u00bbfa fa-gears2&Prime; icon_image=\u00a0\u00bb130724&Prime; icon_color=\u00a0\u00bbaccent\u00a0\u00bb text_size=\u00a0\u00bbh4&Prime; css_animation=\u00a0\u00bbzoom-in\u00a0\u00bb animation_speed=\u00a0\u00bb800&Prime; animation_delay=\u00a0\u00bb200&Prime; align=\u00a0\u00bbleft\u00a0\u00bb title=\u00a0\u00bbEnvironnements Virtuels Personnalis\u00e9s\u00a0\u00bb uncode_shortcode_id=\u00a0\u00bb137502&Prime; icon_color_type=\u00a0\u00bbuncode-palette\u00a0\u00bb]<span style=\"font-weight: 400;\">Concevoir et cr\u00e9er des espaces virtuels immersifs g\u00e9n\u00e9r\u00e9s par l&rsquo;IA pour diverses applications telles que des \u00e9v\u00e9nements virtuels, des simulations de formation et des exp\u00e9riences \u00e9ducatives.<\/span>[\/vc_icon][\/vc_column_inner][vc_column_inner column_width_percent=\u00a0\u00bb100&Prime; align_horizontal=\u00a0\u00bbalign_center\u00a0\u00bb gutter_size=\u00a0\u00bb3&Prime; overlay_alpha=\u00a0\u00bb100&Prime; shift_x=\u00a0\u00bb0&Prime; shift_y=\u00a0\u00bb0&Prime; shift_y_down=\u00a0\u00bb0&Prime; z_index=\u00a0\u00bb0&Prime; medium_width=\u00a0\u00bb3&Prime; mobile_width=\u00a0\u00bb0&Prime; zoom_width=\u00a0\u00bb0&Prime; zoom_height=\u00a0\u00bb0&Prime; width=\u00a0\u00bb1\/3&Prime;][vc_icon icon=\u00a0\u00bbfa fa-profile-male\u00a0\u00bb icon_image=\u00a0\u00bb130724&Prime; icon_color=\u00a0\u00bbaccent\u00a0\u00bb text_size=\u00a0\u00bbh4&Prime; css_animation=\u00a0\u00bbzoom-in\u00a0\u00bb animation_speed=\u00a0\u00bb800&Prime; animation_delay=\u00a0\u00bb400&Prime; align=\u00a0\u00bbleft\u00a0\u00bb title=\u00a0\u00bbCr\u00e9ation De Contenu Bas\u00e9e Sur l&#039;IA\u00a0\u00bb uncode_shortcode_id=\u00a0\u00bb844601&Prime; icon_color_type=\u00a0\u00bbuncode-palette\u00a0\u00bb]<span style=\"font-weight: 400;\">Utilisation de l&rsquo;IA g\u00e9n\u00e9rative pour produire un contenu num\u00e9rique unique, y compris des graphiques, des animations et des \u00e9l\u00e9ments interactifs \u00e0 des fins de marketing, de divertissement et d&rsquo;\u00e9ducation.<\/span>[\/vc_icon][\/vc_column_inner][\/vc_row_inner][vc_row_inner row_inner_height_percent=\u00a0\u00bb0&Prime; overlay_alpha=\u00a0\u00bb100&Prime; gutter_size=\u00a0\u00bb4&Prime; shift_y=\u00a0\u00bb0&Prime; z_index=\u00a0\u00bb0&Prime; limit_content=\u00a0\u00bb\u00a0\u00bb][vc_column_inner column_width_percent=\u00a0\u00bb100&Prime; align_horizontal=\u00a0\u00bbalign_center\u00a0\u00bb gutter_size=\u00a0\u00bb3&Prime; overlay_alpha=\u00a0\u00bb100&Prime; shift_x=\u00a0\u00bb0&Prime; shift_y=\u00a0\u00bb0&Prime; shift_y_down=\u00a0\u00bb0&Prime; z_index=\u00a0\u00bb0&Prime; medium_width=\u00a0\u00bb3&Prime; mobile_width=\u00a0\u00bb0&Prime; zoom_width=\u00a0\u00bb0&Prime; zoom_height=\u00a0\u00bb0&Prime; width=\u00a0\u00bb1\/3&Prime;][vc_icon icon=\u00a0\u00bbfa fa-phone2&Prime; icon_image=\u00a0\u00bb130724&Prime; icon_color=\u00a0\u00bbaccent\u00a0\u00bb text_size=\u00a0\u00bbh4&Prime; css_animation=\u00a0\u00bbzoom-in\u00a0\u00bb animation_speed=\u00a0\u00bb800&Prime; align=\u00a0\u00bbleft\u00a0\u00bb title=\u00a0\u00bbExp\u00e9riences Utilisateur Personnalis\u00e9es\u00a0\u00bb uncode_shortcode_id=\u00a0\u00bb711338&Prime; icon_color_type=\u00a0\u00bbuncode-palette\u00a0\u00bb]<span style=\"font-weight: 400;\">Adapter les exp\u00e9riences num\u00e9riques aux utilisateurs individuels en fonction de leurs pr\u00e9f\u00e9rences et de leur comportement, en utilisant l&rsquo;IA pour g\u00e9n\u00e9rer dynamiquement du contenu qui am\u00e9liore l&rsquo;engagement des utilisateurs.<\/span>[\/vc_icon][\/vc_column_inner][vc_column_inner column_width_percent=\u00a0\u00bb100&Prime; align_horizontal=\u00a0\u00bbalign_center\u00a0\u00bb gutter_size=\u00a0\u00bb3&Prime; overlay_alpha=\u00a0\u00bb100&Prime; shift_x=\u00a0\u00bb0&Prime; shift_y=\u00a0\u00bb0&Prime; shift_y_down=\u00a0\u00bb0&Prime; z_index=\u00a0\u00bb0&Prime; medium_width=\u00a0\u00bb3&Prime; mobile_width=\u00a0\u00bb0&Prime; zoom_width=\u00a0\u00bb0&Prime; zoom_height=\u00a0\u00bb0&Prime; width=\u00a0\u00bb1\/3&Prime;][vc_icon icon=\u00a0\u00bbfa fa-tools\u00a0\u00bb icon_image=\u00a0\u00bb130724&Prime; icon_color=\u00a0\u00bbaccent\u00a0\u00bb text_size=\u00a0\u00bbh4&Prime; css_animation=\u00a0\u00bbzoom-in\u00a0\u00bb animation_speed=\u00a0\u00bb800&Prime; animation_delay=\u00a0\u00bb200&Prime; align=\u00a0\u00bbleft\u00a0\u00bb title=\u00a0\u00bbChatbots Interactifs et Assistants Virtuels\u00a0\u00bb uncode_shortcode_id=\u00a0\u00bb269684&Prime; icon_color_type=\u00a0\u00bbuncode-palette\u00a0\u00bb]<span style=\"font-weight: 400;\">D\u00e9velopper des agents d&rsquo;IA conversationnels avanc\u00e9s capables de fournir un support client, des conseils et des informations de mani\u00e8re naturelle et humaine.<\/span>[\/vc_icon][\/vc_column_inner][vc_column_inner column_width_percent=\u00a0\u00bb100&Prime; align_horizontal=\u00a0\u00bbalign_center\u00a0\u00bb gutter_size=\u00a0\u00bb3&Prime; overlay_alpha=\u00a0\u00bb100&Prime; shift_x=\u00a0\u00bb0&Prime; shift_y=\u00a0\u00bb0&Prime; shift_y_down=\u00a0\u00bb0&Prime; z_index=\u00a0\u00bb0&Prime; medium_width=\u00a0\u00bb3&Prime; mobile_width=\u00a0\u00bb0&Prime; zoom_width=\u00a0\u00bb0&Prime; zoom_height=\u00a0\u00bb0&Prime; width=\u00a0\u00bb1\/3&Prime;][vc_icon icon=\u00a0\u00bbfa fa-piechart\u00a0\u00bb icon_image=\u00a0\u00bb130724&Prime; icon_color=\u00a0\u00bbaccent\u00a0\u00bb text_size=\u00a0\u00bbh4&Prime; css_animation=\u00a0\u00bbzoom-in\u00a0\u00bb animation_speed=\u00a0\u00bb800&Prime; animation_delay=\u00a0\u00bb400&Prime; align=\u00a0\u00bbleft\u00a0\u00bb title=\u00a0\u00bbInformations et Analyses bas\u00e9es sur les Donn\u00e9es\u00a0\u00bb uncode_shortcode_id=\u00a0\u00bb157553&Prime; icon_color_type=\u00a0\u00bbuncode-palette\u00a0\u00bb]<span style=\"font-weight: 400;\">Offrir des services qui utilisent l&rsquo;IA pour analyser de grands ensembles de donn\u00e9es, fournissant des informations pr\u00e9cieuses pour la prise de d\u00e9cision dans les strat\u00e9gies de marketing, de d\u00e9veloppement de produits et de service client.<\/span>[\/vc_icon][\/vc_column_inner][\/vc_row_inner][vc_row_inner row_inner_height_percent=\u00a0\u00bb0&Prime; overlay_alpha=\u00a0\u00bb100&Prime; gutter_size=\u00a0\u00bb4&Prime; shift_y=\u00a0\u00bb0&Prime; z_index=\u00a0\u00bb0&Prime; limit_content=\u00a0\u00bb\u00a0\u00bb][vc_column_inner column_width_percent=\u00a0\u00bb100&Prime; align_horizontal=\u00a0\u00bbalign_center\u00a0\u00bb gutter_size=\u00a0\u00bb3&Prime; overlay_alpha=\u00a0\u00bb100&Prime; shift_x=\u00a0\u00bb0&Prime; shift_y=\u00a0\u00bb0&Prime; shift_y_down=\u00a0\u00bb0&Prime; z_index=\u00a0\u00bb0&Prime; medium_width=\u00a0\u00bb3&Prime; mobile_width=\u00a0\u00bb0&Prime; zoom_width=\u00a0\u00bb0&Prime; zoom_height=\u00a0\u00bb0&Prime; width=\u00a0\u00bb1\/3&Prime;][vc_icon icon=\u00a0\u00bbfa fa-phone2&Prime; icon_image=\u00a0\u00bb130724&Prime; icon_color=\u00a0\u00bbaccent\u00a0\u00bb text_size=\u00a0\u00bbh4&Prime; css_animation=\u00a0\u00bbzoom-in\u00a0\u00bb animation_speed=\u00a0\u00bb800&Prime; align=\u00a0\u00bbleft\u00a0\u00bb title=\u00a0\u00bbG\u00e9n\u00e9ration de Mod\u00e8les 3D \u00e0 partir de Descriptions Textuelles\u00a0\u00bb uncode_shortcode_id=\u00a0\u00bb157845&Prime; icon_color_type=\u00a0\u00bbuncode-palette\u00a0\u00bb]<span style=\"font-weight: 400;\">Transformer les descriptions \u00e9crites en mod\u00e8les 3D d\u00e9taill\u00e9s, utiles pour l&rsquo;architecture, la conception de produits et le prototypage virtuel.<\/span>[\/vc_icon][\/vc_column_inner][vc_column_inner column_width_percent=\u00a0\u00bb100&Prime; align_horizontal=\u00a0\u00bbalign_center\u00a0\u00bb gutter_size=\u00a0\u00bb3&Prime; overlay_alpha=\u00a0\u00bb100&Prime; shift_x=\u00a0\u00bb0&Prime; shift_y=\u00a0\u00bb0&Prime; shift_y_down=\u00a0\u00bb0&Prime; z_index=\u00a0\u00bb0&Prime; medium_width=\u00a0\u00bb3&Prime; mobile_width=\u00a0\u00bb0&Prime; zoom_width=\u00a0\u00bb0&Prime; zoom_height=\u00a0\u00bb0&Prime; width=\u00a0\u00bb1\/3&Prime;][vc_icon icon=\u00a0\u00bbfa fa-tools\u00a0\u00bb icon_image=\u00a0\u00bb130724&Prime; icon_color=\u00a0\u00bbaccent\u00a0\u00bb text_size=\u00a0\u00bbh4&Prime; css_animation=\u00a0\u00bbzoom-in\u00a0\u00bb animation_speed=\u00a0\u00bb800&Prime; animation_delay=\u00a0\u00bb200&Prime; align=\u00a0\u00bbleft\u00a0\u00bb title=\u00a0\u00bbServices de Traduction et de Localisation\u00a0\u00bb uncode_shortcode_id=\u00a0\u00bb177392&Prime; icon_color_type=\u00a0\u00bbuncode-palette\u00a0\u00bb]<span style=\"font-weight: 400;\">Utilisation de l&rsquo;IA pour la traduction linguistique et la localisation de contenu en temps r\u00e9el, rendant le contenu num\u00e9rique accessible \u00e0 un public mondial.<\/span>[\/vc_icon][\/vc_column_inner][vc_column_inner column_width_percent=\u00a0\u00bb100&Prime; align_horizontal=\u00a0\u00bbalign_center\u00a0\u00bb gutter_size=\u00a0\u00bb3&Prime; overlay_alpha=\u00a0\u00bb100&Prime; shift_x=\u00a0\u00bb0&Prime; shift_y=\u00a0\u00bb0&Prime; shift_y_down=\u00a0\u00bb0&Prime; z_index=\u00a0\u00bb0&Prime; medium_width=\u00a0\u00bb3&Prime; mobile_width=\u00a0\u00bb0&Prime; zoom_width=\u00a0\u00bb0&Prime; zoom_height=\u00a0\u00bb0&Prime; width=\u00a0\u00bb1\/3&Prime;][vc_icon icon=\u00a0\u00bbfa fa-piechart\u00a0\u00bb icon_image=\u00a0\u00bb130724&Prime; icon_color=\u00a0\u00bbaccent\u00a0\u00bb text_size=\u00a0\u00bbh4&Prime; css_animation=\u00a0\u00bbzoom-in\u00a0\u00bb animation_speed=\u00a0\u00bb800&Prime; animation_delay=\u00a0\u00bb400&Prime; align=\u00a0\u00bbleft\u00a0\u00bb title=\u00a0\u00bbSynth\u00e8se et Reconnaissance Vocale\u00a0\u00bb uncode_shortcode_id=\u00a0\u00bb313336&Prime; icon_color_type=\u00a0\u00bbuncode-palette\u00a0\u00bb]<span style=\"font-weight: 400;\">D\u00e9velopper des interfaces vocales aliment\u00e9es par l&rsquo;IA capables de comprendre les commandes vocales et de r\u00e9pondre d&rsquo;une voix naturelle et humaine.<\/span>[\/vc_icon][\/vc_column_inner][\/vc_row_inner][\/vc_column][\/vc_row]<\/p>\n<\/div>","protected":false},"excerpt":{"rendered":"<p>[vc_row row_height_percent=\u00a0\u00bb70&Prime; back_color=\u00a0\u00bbcolor-wayh\u00a0\u00bb back_image=\u00a0\u00bb130704&Prime; overlay_color=\u00a0\u00bbaccent\u00a0\u00bb overlay_alpha=\u00a0\u00bb80&Prime; gutter_size=\u00a0\u00bb3&Prime; column_width_percent=\u00a0\u00bb100&Prime; shift_y=\u00a0\u00bb0&Prime; z_index=\u00a0\u00bb0&Prime; uncode_shortcode_id=\u00a0\u00bb728174&Prime; back_color_type=\u00a0\u00bbuncode-palette\u00a0\u00bb overlay_color_type=\u00a0\u00bbuncode-palette\u00a0\u00bb][vc_column column_width_percent=\u00a0\u00bb100&Prime; position_vertical=\u00a0\u00bbmiddle\u00a0\u00bb align_horizontal=\u00a0\u00bbalign_center\u00a0\u00bb gutter_size=\u00a0\u00bb3&Prime; style=\u00a0\u00bbdark\u00a0\u00bb overlay_alpha=\u00a0\u00bb50&Prime; shift_x=\u00a0\u00bb0&Prime; [&hellip;]<\/p>\n","protected":false},"author":1,"featured_media":0,"parent":0,"menu_order":0,"comment_status":"closed","ping_status":"closed","template":"","meta":{"content-type":"","footnotes":""},"class_list":["post-133674","page","type-page","status-publish","hentry"],"jetpack_sharing_enabled":true,"_links":{"self":[{"href":"https:\/\/new.geniusxr.ai\/fr\/wp-json\/wp\/v2\/pages\/133674","targetHints":{"allow":["GET"]}}],"collection":[{"href":"https:\/\/new.geniusxr.ai\/fr\/wp-json\/wp\/v2\/pages"}],"about":[{"href":"https:\/\/new.geniusxr.ai\/fr\/wp-json\/wp\/v2\/types\/page"}],"author":[{"embeddable":true,"href":"https:\/\/new.geniusxr.ai\/fr\/wp-json\/wp\/v2\/users\/1"}],"replies":[{"embeddable":true,"href":"https:\/\/new.geniusxr.ai\/fr\/wp-json\/wp\/v2\/comments?post=133674"}],"version-history":[{"count":3,"href":"https:\/\/new.geniusxr.ai\/fr\/wp-json\/wp\/v2\/pages\/133674\/revisions"}],"predecessor-version":[{"id":133756,"href":"https:\/\/new.geniusxr.ai\/fr\/wp-json\/wp\/v2\/pages\/133674\/revisions\/133756"}],"wp:attachment":[{"href":"https:\/\/new.geniusxr.ai\/fr\/wp-json\/wp\/v2\/media?parent=133674"}],"curies":[{"name":"wp","href":"https:\/\/api.w.org\/{rel}","templated":true}]}}